{"id":104,"date":"2020-04-19T19:09:43","date_gmt":"2020-04-19T19:09:43","guid":{"rendered":"http:\/\/voegelemaschinenbau.com\/?page_id=104"},"modified":"2020-05-04T20:18:30","modified_gmt":"2020-05-04T20:18:30","slug":"designteile","status":"publish","type":"page","link":"http:\/\/www.voegelemaschinenbau.com\/?page_id=104","title":{"rendered":"Designteile"},"content":{"rendered":"\n<p class=\"has-normal-font-size\">Blickfang ! Edelrost Dekoartikel individuell f\u00fcr Sie gefertigt. Egal ob f\u00fcr Balkon oder Garten &#8211; Deko mit Rost Optik direkt vom Hersteller. <\/p>\n\n\n\n<p><\/p>\n\n\n\n<figure class=\"wp-block-image size-large\"><img loading=\"lazy\" width=\"1024\" height=\"683\" src=\"http:\/\/voegelemaschinenbau.com\/wp-content\/uploads\/2020\/05\/Metalldesign-2-1024x683.jpg\" alt=\"\" class=\"wp-image-237\" srcset=\"http:\/\/www.voegelemaschinenbau.com\/wp-content\/uploads\/2020\/05\/Metalldesign-2-1024x683.jpg 1024w, http:\/\/www.voegelemaschinenbau.com\/wp-content\/uploads\/2020\/05\/Metalldesign-2-300x200.jpg 300w, http:\/\/www.voegelemaschinenbau.com\/wp-content\/uploads\/2020\/05\/Metalldesign-2-768x512.jpg 768w, http:\/\/www.voegelemaschinenbau.com\/wp-content\/uploads\/2020\/05\/Metalldesign-2-1536x1024.jpg 1536w, http:\/\/www.voegelemaschinenbau.com\/wp-content\/uploads\/2020\/05\/Metalldesign-2.jpg 2048w\" sizes=\"(max-width: 1024px) 100vw, 1024px\" \/><\/figure>\n","protected":false},"excerpt":{"rendered":"<p>Blickfang ! Edelrost Dekoartikel individuell f\u00fcr Sie gefertigt. Egal ob f\u00fcr Balkon oder Garten &#8211; Deko mit Rost Optik direkt vom Hersteller.<\/p>\n","protected":false},"author":1,"featured_media":127,"parent":0,"menu_order":0,"comment_status":"closed","ping_status":"closed","template":"","meta":[],"yoast_head":"<!-- This site is optimized with the Yoast SEO plugin v18.4.1 - https:\/\/yoast.com\/wordpress\/plugins\/seo\/ -->\n<title>Designteile - V\u00f6gele Metallbau GmbH &amp; Co. KG<\/title>\n<meta name=\"robots\" content=\"index, follow, max-snippet:-1, max-image-preview:large, max-video-preview:-1\" \/>\n<link rel=\"canonical\" href=\"http:\/\/www.voegelemaschinenbau.com\/?page_id=104\" \/>\n<meta property=\"og:locale\" content=\"de_DE\" \/>\n<meta property=\"og:type\" content=\"article\" \/>\n<meta property=\"og:title\" content=\"Designteile - V\u00f6gele Metallbau GmbH &amp; Co. KG\" \/>\n<meta property=\"og:description\" content=\"Blickfang ! Edelrost Dekoartikel individuell f\u00fcr Sie gefertigt. Egal ob f\u00fcr Balkon oder Garten &#8211; Deko mit Rost Optik direkt vom Hersteller.\" \/>\n<meta property=\"og:url\" content=\"http:\/\/www.voegelemaschinenbau.com\/?page_id=104\" \/>\n<meta property=\"og:site_name\" content=\"V\u00f6gele Metallbau GmbH &amp; Co. KG\" \/>\n<meta property=\"article:modified_time\" content=\"2020-05-04T20:18:30+00:00\" \/>\n<meta property=\"og:image\" content=\"http:\/\/www.voegelemaschinenbau.com\/wp-content\/uploads\/2020\/04\/Icon-Pokal.jpg\" \/>\n\t<meta property=\"og:image:width\" content=\"100\" \/>\n\t<meta property=\"og:image:height\" content=\"100\" \/>\n\t<meta property=\"og:image:type\" content=\"image\/jpeg\" \/>\n<meta name=\"twitter:card\" content=\"summary_large_image\" \/>\n<script type=\"application\/ld+json\" class=\"yoast-schema-graph\">{\"@context\":\"https:\/\/schema.org\",\"@graph\":[{\"@type\":\"Organization\",\"@id\":\"http:\/\/www.voegelemaschinenbau.com\/#organization\",\"name\":\"V\u00f6gele Metallbau GmbH & Co. KG\",\"url\":\"http:\/\/www.voegelemaschinenbau.com\/\",\"sameAs\":[],\"logo\":{\"@type\":\"ImageObject\",\"@id\":\"http:\/\/www.voegelemaschinenbau.com\/#logo\",\"inLanguage\":\"de-AT\",\"url\":\"http:\/\/www.voegelemaschinenbau.com\/wp-content\/uploads\/2020\/05\/logo-neu-e1588626158980.jpg\",\"contentUrl\":\"http:\/\/www.voegelemaschinenbau.com\/wp-content\/uploads\/2020\/05\/logo-neu-e1588626158980.jpg\",\"width\":300,\"height\":120,\"caption\":\"V\u00f6gele Metallbau GmbH & Co. KG\"},\"image\":{\"@id\":\"http:\/\/www.voegelemaschinenbau.com\/#logo\"}},{\"@type\":\"WebSite\",\"@id\":\"http:\/\/www.voegelemaschinenbau.com\/#website\",\"url\":\"http:\/\/www.voegelemaschinenbau.com\/\",\"name\":\"V\u00f6gele Metallbau GmbH &amp; Co. KG\",\"description\":\"\",\"publisher\":{\"@id\":\"http:\/\/www.voegelemaschinenbau.com\/#organization\"},\"potentialAction\":[{\"@type\":\"SearchAction\",\"target\":{\"@type\":\"EntryPoint\",\"urlTemplate\":\"http:\/\/www.voegelemaschinenbau.com\/?s={search_term_string}\"},\"query-input\":\"required name=search_term_string\"}],\"inLanguage\":\"de-AT\"},{\"@type\":\"ImageObject\",\"@id\":\"http:\/\/www.voegelemaschinenbau.com\/?page_id=104#primaryimage\",\"inLanguage\":\"de-AT\",\"url\":\"http:\/\/www.voegelemaschinenbau.com\/wp-content\/uploads\/2020\/04\/Icon-Pokal.jpg\",\"contentUrl\":\"http:\/\/www.voegelemaschinenbau.com\/wp-content\/uploads\/2020\/04\/Icon-Pokal.jpg\",\"width\":100,\"height\":100},{\"@type\":\"WebPage\",\"@id\":\"http:\/\/www.voegelemaschinenbau.com\/?page_id=104#webpage\",\"url\":\"http:\/\/www.voegelemaschinenbau.com\/?page_id=104\",\"name\":\"Designteile - V\u00f6gele Metallbau GmbH &amp; Co. KG\",\"isPartOf\":{\"@id\":\"http:\/\/www.voegelemaschinenbau.com\/#website\"},\"primaryImageOfPage\":{\"@id\":\"http:\/\/www.voegelemaschinenbau.com\/?page_id=104#primaryimage\"},\"datePublished\":\"2020-04-19T19:09:43+00:00\",\"dateModified\":\"2020-05-04T20:18:30+00:00\",\"breadcrumb\":{\"@id\":\"http:\/\/www.voegelemaschinenbau.com\/?page_id=104#breadcrumb\"},\"inLanguage\":\"de-AT\",\"potentialAction\":[{\"@type\":\"ReadAction\",\"target\":[\"http:\/\/www.voegelemaschinenbau.com\/?page_id=104\"]}]},{\"@type\":\"BreadcrumbList\",\"@id\":\"http:\/\/www.voegelemaschinenbau.com\/?page_id=104#breadcrumb\",\"itemListElement\":[{\"@type\":\"ListItem\",\"position\":1,\"name\":\"Home\",\"item\":\"http:\/\/www.voegelemaschinenbau.com\/\"},{\"@type\":\"ListItem\",\"position\":2,\"name\":\"Designteile\"}]}]}<\/script>\n<!-- \/ Yoast SEO plugin. -->","yoast_head_json":{"title":"Designteile - V\u00f6gele Metallbau GmbH &amp; Co. KG","robots":{"index":"index","follow":"follow","max-snippet":"max-snippet:-1","max-image-preview":"max-image-preview:large","max-video-preview":"max-video-preview:-1"},"canonical":"http:\/\/www.voegelemaschinenbau.com\/?page_id=104","og_locale":"de_DE","og_type":"article","og_title":"Designteile - V\u00f6gele Metallbau GmbH &amp; Co. KG","og_description":"Blickfang ! Edelrost Dekoartikel individuell f\u00fcr Sie gefertigt. Egal ob f\u00fcr Balkon oder Garten &#8211; Deko mit Rost Optik direkt vom Hersteller.","og_url":"http:\/\/www.voegelemaschinenbau.com\/?page_id=104","og_site_name":"V\u00f6gele Metallbau GmbH &amp; Co. KG","article_modified_time":"2020-05-04T20:18:30+00:00","og_image":[{"width":100,"height":100,"url":"http:\/\/www.voegelemaschinenbau.com\/wp-content\/uploads\/2020\/04\/Icon-Pokal.jpg","type":"image\/jpeg"}],"twitter_card":"summary_large_image","schema":{"@context":"https:\/\/schema.org","@graph":[{"@type":"Organization","@id":"http:\/\/www.voegelemaschinenbau.com\/#organization","name":"V\u00f6gele Metallbau GmbH & Co. KG","url":"http:\/\/www.voegelemaschinenbau.com\/","sameAs":[],"logo":{"@type":"ImageObject","@id":"http:\/\/www.voegelemaschinenbau.com\/#logo","inLanguage":"de-AT","url":"http:\/\/www.voegelemaschinenbau.com\/wp-content\/uploads\/2020\/05\/logo-neu-e1588626158980.jpg","contentUrl":"http:\/\/www.voegelemaschinenbau.com\/wp-content\/uploads\/2020\/05\/logo-neu-e1588626158980.jpg","width":300,"height":120,"caption":"V\u00f6gele Metallbau GmbH & Co. KG"},"image":{"@id":"http:\/\/www.voegelemaschinenbau.com\/#logo"}},{"@type":"WebSite","@id":"http:\/\/www.voegelemaschinenbau.com\/#website","url":"http:\/\/www.voegelemaschinenbau.com\/","name":"V\u00f6gele Metallbau GmbH &amp; Co. KG","description":"","publisher":{"@id":"http:\/\/www.voegelemaschinenbau.com\/#organization"},"potentialAction":[{"@type":"SearchAction","target":{"@type":"EntryPoint","urlTemplate":"http:\/\/www.voegelemaschinenbau.com\/?s={search_term_string}"},"query-input":"required name=search_term_string"}],"inLanguage":"de-AT"},{"@type":"ImageObject","@id":"http:\/\/www.voegelemaschinenbau.com\/?page_id=104#primaryimage","inLanguage":"de-AT","url":"http:\/\/www.voegelemaschinenbau.com\/wp-content\/uploads\/2020\/04\/Icon-Pokal.jpg","contentUrl":"http:\/\/www.voegelemaschinenbau.com\/wp-content\/uploads\/2020\/04\/Icon-Pokal.jpg","width":100,"height":100},{"@type":"WebPage","@id":"http:\/\/www.voegelemaschinenbau.com\/?page_id=104#webpage","url":"http:\/\/www.voegelemaschinenbau.com\/?page_id=104","name":"Designteile - V\u00f6gele Metallbau GmbH &amp; Co. KG","isPartOf":{"@id":"http:\/\/www.voegelemaschinenbau.com\/#website"},"primaryImageOfPage":{"@id":"http:\/\/www.voegelemaschinenbau.com\/?page_id=104#primaryimage"},"datePublished":"2020-04-19T19:09:43+00:00","dateModified":"2020-05-04T20:18:30+00:00","breadcrumb":{"@id":"http:\/\/www.voegelemaschinenbau.com\/?page_id=104#breadcrumb"},"inLanguage":"de-AT","potentialAction":[{"@type":"ReadAction","target":["http:\/\/www.voegelemaschinenbau.com\/?page_id=104"]}]},{"@type":"BreadcrumbList","@id":"http:\/\/www.voegelemaschinenbau.com\/?page_id=104#breadcrumb","itemListElement":[{"@type":"ListItem","position":1,"name":"Home","item":"http:\/\/www.voegelemaschinenbau.com\/"},{"@type":"ListItem","position":2,"name":"Designteile"}]}]}},"_links":{"self":[{"href":"http:\/\/www.voegelemaschinenbau.com\/index.php?rest_route=\/wp\/v2\/pages\/104"}],"collection":[{"href":"http:\/\/www.voegelemaschinenbau.com\/index.php?rest_route=\/wp\/v2\/pages"}],"about":[{"href":"http:\/\/www.voegelemaschinenbau.com\/index.php?rest_route=\/wp\/v2\/types\/page"}],"author":[{"embeddable":true,"href":"http:\/\/www.voegelemaschinenbau.com\/index.php?rest_route=\/wp\/v2\/users\/1"}],"replies":[{"embeddable":true,"href":"http:\/\/www.voegelemaschinenbau.com\/index.php?rest_route=%2Fwp%2Fv2%2Fcomments&post=104"}],"version-history":[{"count":4,"href":"http:\/\/www.voegelemaschinenbau.com\/index.php?rest_route=\/wp\/v2\/pages\/104\/revisions"}],"predecessor-version":[{"id":239,"href":"http:\/\/www.voegelemaschinenbau.com\/index.php?rest_route=\/wp\/v2\/pages\/104\/revisions\/239"}],"wp:featuredmedia":[{"embeddable":true,"href":"http:\/\/www.voegelemaschinenbau.com\/index.php?rest_route=\/wp\/v2\/media\/127"}],"wp:attachment":[{"href":"http:\/\/www.voegelemaschinenbau.com\/index.php?rest_route=%2Fwp%2Fv2%2Fmedia&parent=104"}],"curies":[{"name":"wp","href":"https:\/\/api.w.org\/{rel}","templated":true}]}}