{"id":86,"date":"2020-04-19T19:05:23","date_gmt":"2020-04-19T19:05:23","guid":{"rendered":"http:\/\/voegelemaschinenbau.com\/?page_id=86"},"modified":"2020-05-04T22:59:14","modified_gmt":"2020-05-04T22:59:14","slug":"unternehmen","status":"publish","type":"page","link":"http:\/\/www.voegelemaschinenbau.com\/?page_id=86","title":{"rendered":"Unternehmen"},"content":{"rendered":"\n<p>In unserem Betrieb im Bezirk Kufstein wird <strong>Metall auf h\u00f6chstem Niveau verarbeitet.<\/strong><br><br>Das Unternehmen V\u00f6gele wurde im Jahr 2014 in Kirchbichl im Bezirk Kufstein gegr\u00fcndet und <strong>ist spezialisiert auf die Verarbeitung von Edelstahl<\/strong>, Aluminium und Stahl in verschiedensten Formen und Variationen.<br>Neben der klassischen <strong>Lohnfertigung<\/strong> in der <strong>Blechbearbeitung<\/strong> entwickeln wir auch <strong>Sondermaschinen<\/strong> und Anlagen nach Kundenwunsch.<br><br>Wir bieten<strong> Prototypenbau<\/strong> sowie Probleml\u00f6sungen in allen Bereichen des <strong>Maschinenbaues<\/strong>.<br>Wir planen, fertigen und montieren unter anderem <strong>Gel\u00e4nder und Balkone<\/strong>, Verglasungen und Vord\u00e4cher, Treppen f\u00fcr Innen- und Au\u00dfenbereiche und Verblechungen sowie <strong>Sonderkonstruktionen.<br><\/strong><br>An unserem Firmensitz in Kirchbichl produzieren wir f\u00fcr unsere Kunden nach <strong>neustem Stand der Technik<\/strong> und k\u00f6nnen somit eine optimale <strong>Qualit\u00e4tssicherung auf h\u00f6chstem Niveau<\/strong> garantieren.<br><\/p>\n\n\n\n<figure class=\"wp-block-image size-large\"><img loading=\"lazy\" width=\"1024\" height=\"575\" src=\"http:\/\/voegelemaschinenbau.com\/wp-content\/uploads\/2020\/05\/V\u00f6gele-Firma-1024x575.jpg\" alt=\"\" class=\"wp-image-232\" srcset=\"http:\/\/www.voegelemaschinenbau.com\/wp-content\/uploads\/2020\/05\/V\u00f6gele-Firma-1024x575.jpg 1024w, http:\/\/www.voegelemaschinenbau.com\/wp-content\/uploads\/2020\/05\/V\u00f6gele-Firma-300x168.jpg 300w, http:\/\/www.voegelemaschinenbau.com\/wp-content\/uploads\/2020\/05\/V\u00f6gele-Firma-768x431.jpg 768w, http:\/\/www.voegelemaschinenbau.com\/wp-content\/uploads\/2020\/05\/V\u00f6gele-Firma-1536x862.jpg 1536w, http:\/\/www.voegelemaschinenbau.com\/wp-content\/uploads\/2020\/05\/V\u00f6gele-Firma.jpg 2048w\" sizes=\"(max-width: 1024px) 100vw, 1024px\" \/><\/figure>\n\n\n\n<p><\/p>\n","protected":false},"excerpt":{"rendered":"<p>In unserem Betrieb im Bezirk Kufstein wird Metall auf h\u00f6chstem Niveau verarbeitet. Das Unternehmen V\u00f6gele wurde im Jahr 2014 in Kirchbichl im Bezirk Kufstein gegr\u00fcndet und ist spezialisiert auf die Verarbeitung von Edelstahl, Aluminium und Stahl in verschiedensten Formen und Variationen.Neben der klassischen Lohnfertigung in der Blechbearbeitung entwickeln wir auch&hellip; <\/p>\n","protected":false},"author":1,"featured_media":324,"parent":0,"menu_order":0,"comment_status":"closed","ping_status":"closed","template":"","meta":[],"yoast_head":"<!-- This site is optimized with the Yoast SEO plugin v18.4.1 - https:\/\/yoast.com\/wordpress\/plugins\/seo\/ -->\n<title>Unternehmen - V\u00f6gele Metallbau GmbH &amp; Co. KG<\/title>\n<meta name=\"robots\" content=\"index, follow, max-snippet:-1, max-image-preview:large, max-video-preview:-1\" \/>\n<link rel=\"canonical\" href=\"http:\/\/www.voegelemaschinenbau.com\/?page_id=86\" \/>\n<meta property=\"og:locale\" content=\"de_DE\" \/>\n<meta property=\"og:type\" content=\"article\" \/>\n<meta property=\"og:title\" content=\"Unternehmen - V\u00f6gele Metallbau GmbH &amp; Co. KG\" \/>\n<meta property=\"og:description\" content=\"In unserem Betrieb im Bezirk Kufstein wird Metall auf h\u00f6chstem Niveau verarbeitet. Das Unternehmen V\u00f6gele wurde im Jahr 2014 in Kirchbichl im Bezirk Kufstein gegr\u00fcndet und ist spezialisiert auf die Verarbeitung von Edelstahl, Aluminium und Stahl in verschiedensten Formen und Variationen.Neben der klassischen Lohnfertigung in der Blechbearbeitung entwickeln wir auch&hellip;\" \/>\n<meta property=\"og:url\" content=\"http:\/\/www.voegelemaschinenbau.com\/?page_id=86\" \/>\n<meta property=\"og:site_name\" content=\"V\u00f6gele Metallbau GmbH &amp; Co. KG\" \/>\n<meta property=\"article:modified_time\" content=\"2020-05-04T22:59:14+00:00\" \/>\n<meta property=\"og:image\" content=\"http:\/\/www.voegelemaschinenbau.com\/wp-content\/uploads\/2020\/05\/slider-1.jpg\" \/>\n\t<meta property=\"og:image:width\" content=\"1440\" \/>\n\t<meta property=\"og:image:height\" content=\"500\" \/>\n\t<meta property=\"og:image:type\" content=\"image\/jpeg\" \/>\n<meta name=\"twitter:card\" content=\"summary_large_image\" \/>\n<meta name=\"twitter:label1\" content=\"Gesch\u00e4tzte Lesezeit\" \/>\n\t<meta name=\"twitter:data1\" content=\"1 Minute\" \/>\n<script type=\"application\/ld+json\" class=\"yoast-schema-graph\">{\"@context\":\"https:\/\/schema.org\",\"@graph\":[{\"@type\":\"Organization\",\"@id\":\"http:\/\/www.voegelemaschinenbau.com\/#organization\",\"name\":\"V\u00f6gele Metallbau GmbH & Co. KG\",\"url\":\"http:\/\/www.voegelemaschinenbau.com\/\",\"sameAs\":[],\"logo\":{\"@type\":\"ImageObject\",\"@id\":\"http:\/\/www.voegelemaschinenbau.com\/#logo\",\"inLanguage\":\"de-AT\",\"url\":\"http:\/\/www.voegelemaschinenbau.com\/wp-content\/uploads\/2020\/05\/logo-neu-e1588626158980.jpg\",\"contentUrl\":\"http:\/\/www.voegelemaschinenbau.com\/wp-content\/uploads\/2020\/05\/logo-neu-e1588626158980.jpg\",\"width\":300,\"height\":120,\"caption\":\"V\u00f6gele Metallbau GmbH & Co. KG\"},\"image\":{\"@id\":\"http:\/\/www.voegelemaschinenbau.com\/#logo\"}},{\"@type\":\"WebSite\",\"@id\":\"http:\/\/www.voegelemaschinenbau.com\/#website\",\"url\":\"http:\/\/www.voegelemaschinenbau.com\/\",\"name\":\"V\u00f6gele Metallbau GmbH &amp; Co. KG\",\"description\":\"\",\"publisher\":{\"@id\":\"http:\/\/www.voegelemaschinenbau.com\/#organization\"},\"potentialAction\":[{\"@type\":\"SearchAction\",\"target\":{\"@type\":\"EntryPoint\",\"urlTemplate\":\"http:\/\/www.voegelemaschinenbau.com\/?s={search_term_string}\"},\"query-input\":\"required name=search_term_string\"}],\"inLanguage\":\"de-AT\"},{\"@type\":\"ImageObject\",\"@id\":\"http:\/\/www.voegelemaschinenbau.com\/?page_id=86#primaryimage\",\"inLanguage\":\"de-AT\",\"url\":\"http:\/\/www.voegelemaschinenbau.com\/wp-content\/uploads\/2020\/05\/slider-1.jpg\",\"contentUrl\":\"http:\/\/www.voegelemaschinenbau.com\/wp-content\/uploads\/2020\/05\/slider-1.jpg\",\"width\":1440,\"height\":500},{\"@type\":\"WebPage\",\"@id\":\"http:\/\/www.voegelemaschinenbau.com\/?page_id=86#webpage\",\"url\":\"http:\/\/www.voegelemaschinenbau.com\/?page_id=86\",\"name\":\"Unternehmen - V\u00f6gele Metallbau GmbH &amp; Co. KG\",\"isPartOf\":{\"@id\":\"http:\/\/www.voegelemaschinenbau.com\/#website\"},\"primaryImageOfPage\":{\"@id\":\"http:\/\/www.voegelemaschinenbau.com\/?page_id=86#primaryimage\"},\"datePublished\":\"2020-04-19T19:05:23+00:00\",\"dateModified\":\"2020-05-04T22:59:14+00:00\",\"breadcrumb\":{\"@id\":\"http:\/\/www.voegelemaschinenbau.com\/?page_id=86#breadcrumb\"},\"inLanguage\":\"de-AT\",\"potentialAction\":[{\"@type\":\"ReadAction\",\"target\":[\"http:\/\/www.voegelemaschinenbau.com\/?page_id=86\"]}]},{\"@type\":\"BreadcrumbList\",\"@id\":\"http:\/\/www.voegelemaschinenbau.com\/?page_id=86#breadcrumb\",\"itemListElement\":[{\"@type\":\"ListItem\",\"position\":1,\"name\":\"Home\",\"item\":\"http:\/\/www.voegelemaschinenbau.com\/\"},{\"@type\":\"ListItem\",\"position\":2,\"name\":\"Unternehmen\"}]}]}<\/script>\n<!-- \/ Yoast SEO plugin. -->","yoast_head_json":{"title":"Unternehmen - V\u00f6gele Metallbau GmbH &amp; Co. KG","robots":{"index":"index","follow":"follow","max-snippet":"max-snippet:-1","max-image-preview":"max-image-preview:large","max-video-preview":"max-video-preview:-1"},"canonical":"http:\/\/www.voegelemaschinenbau.com\/?page_id=86","og_locale":"de_DE","og_type":"article","og_title":"Unternehmen - V\u00f6gele Metallbau GmbH &amp; Co. KG","og_description":"In unserem Betrieb im Bezirk Kufstein wird Metall auf h\u00f6chstem Niveau verarbeitet. Das Unternehmen V\u00f6gele wurde im Jahr 2014 in Kirchbichl im Bezirk Kufstein gegr\u00fcndet und ist spezialisiert auf die Verarbeitung von Edelstahl, Aluminium und Stahl in verschiedensten Formen und Variationen.Neben der klassischen Lohnfertigung in der Blechbearbeitung entwickeln wir auch&hellip;","og_url":"http:\/\/www.voegelemaschinenbau.com\/?page_id=86","og_site_name":"V\u00f6gele Metallbau GmbH &amp; Co. KG","article_modified_time":"2020-05-04T22:59:14+00:00","og_image":[{"width":1440,"height":500,"url":"http:\/\/www.voegelemaschinenbau.com\/wp-content\/uploads\/2020\/05\/slider-1.jpg","type":"image\/jpeg"}],"twitter_card":"summary_large_image","twitter_misc":{"Gesch\u00e4tzte Lesezeit":"1 Minute"},"schema":{"@context":"https:\/\/schema.org","@graph":[{"@type":"Organization","@id":"http:\/\/www.voegelemaschinenbau.com\/#organization","name":"V\u00f6gele Metallbau GmbH & Co. KG","url":"http:\/\/www.voegelemaschinenbau.com\/","sameAs":[],"logo":{"@type":"ImageObject","@id":"http:\/\/www.voegelemaschinenbau.com\/#logo","inLanguage":"de-AT","url":"http:\/\/www.voegelemaschinenbau.com\/wp-content\/uploads\/2020\/05\/logo-neu-e1588626158980.jpg","contentUrl":"http:\/\/www.voegelemaschinenbau.com\/wp-content\/uploads\/2020\/05\/logo-neu-e1588626158980.jpg","width":300,"height":120,"caption":"V\u00f6gele Metallbau GmbH & Co. KG"},"image":{"@id":"http:\/\/www.voegelemaschinenbau.com\/#logo"}},{"@type":"WebSite","@id":"http:\/\/www.voegelemaschinenbau.com\/#website","url":"http:\/\/www.voegelemaschinenbau.com\/","name":"V\u00f6gele Metallbau GmbH &amp; Co. KG","description":"","publisher":{"@id":"http:\/\/www.voegelemaschinenbau.com\/#organization"},"potentialAction":[{"@type":"SearchAction","target":{"@type":"EntryPoint","urlTemplate":"http:\/\/www.voegelemaschinenbau.com\/?s={search_term_string}"},"query-input":"required name=search_term_string"}],"inLanguage":"de-AT"},{"@type":"ImageObject","@id":"http:\/\/www.voegelemaschinenbau.com\/?page_id=86#primaryimage","inLanguage":"de-AT","url":"http:\/\/www.voegelemaschinenbau.com\/wp-content\/uploads\/2020\/05\/slider-1.jpg","contentUrl":"http:\/\/www.voegelemaschinenbau.com\/wp-content\/uploads\/2020\/05\/slider-1.jpg","width":1440,"height":500},{"@type":"WebPage","@id":"http:\/\/www.voegelemaschinenbau.com\/?page_id=86#webpage","url":"http:\/\/www.voegelemaschinenbau.com\/?page_id=86","name":"Unternehmen - V\u00f6gele Metallbau GmbH &amp; Co. KG","isPartOf":{"@id":"http:\/\/www.voegelemaschinenbau.com\/#website"},"primaryImageOfPage":{"@id":"http:\/\/www.voegelemaschinenbau.com\/?page_id=86#primaryimage"},"datePublished":"2020-04-19T19:05:23+00:00","dateModified":"2020-05-04T22:59:14+00:00","breadcrumb":{"@id":"http:\/\/www.voegelemaschinenbau.com\/?page_id=86#breadcrumb"},"inLanguage":"de-AT","potentialAction":[{"@type":"ReadAction","target":["http:\/\/www.voegelemaschinenbau.com\/?page_id=86"]}]},{"@type":"BreadcrumbList","@id":"http:\/\/www.voegelemaschinenbau.com\/?page_id=86#breadcrumb","itemListElement":[{"@type":"ListItem","position":1,"name":"Home","item":"http:\/\/www.voegelemaschinenbau.com\/"},{"@type":"ListItem","position":2,"name":"Unternehmen"}]}]}},"_links":{"self":[{"href":"http:\/\/www.voegelemaschinenbau.com\/index.php?rest_route=\/wp\/v2\/pages\/86"}],"collection":[{"href":"http:\/\/www.voegelemaschinenbau.com\/index.php?rest_route=\/wp\/v2\/pages"}],"about":[{"href":"http:\/\/www.voegelemaschinenbau.com\/index.php?rest_route=\/wp\/v2\/types\/page"}],"author":[{"embeddable":true,"href":"http:\/\/www.voegelemaschinenbau.com\/index.php?rest_route=\/wp\/v2\/users\/1"}],"replies":[{"embeddable":true,"href":"http:\/\/www.voegelemaschinenbau.com\/index.php?rest_route=%2Fwp%2Fv2%2Fcomments&post=86"}],"version-history":[{"count":20,"href":"http:\/\/www.voegelemaschinenbau.com\/index.php?rest_route=\/wp\/v2\/pages\/86\/revisions"}],"predecessor-version":[{"id":321,"href":"http:\/\/www.voegelemaschinenbau.com\/index.php?rest_route=\/wp\/v2\/pages\/86\/revisions\/321"}],"wp:featuredmedia":[{"embeddable":true,"href":"http:\/\/www.voegelemaschinenbau.com\/index.php?rest_route=\/wp\/v2\/media\/324"}],"wp:attachment":[{"href":"http:\/\/www.voegelemaschinenbau.com\/index.php?rest_route=%2Fwp%2Fv2%2Fmedia&parent=86"}],"curies":[{"name":"wp","href":"https:\/\/api.w.org\/{rel}","templated":true}]}}